{"id":198,"date":"2025-11-04T16:26:39","date_gmt":"2025-11-04T19:26:39","guid":{"rendered":"https:\/\/www.rodeioitu.com.br\/loja-virtual2\/?post_type=product&#038;p=198"},"modified":"2025-11-18T17:11:09","modified_gmt":"2025-11-18T20:11:09","slug":"bone-musica-ed-limitada-tuff","status":"publish","type":"product","link":"https:\/\/www.rodeioitu.com.br\/loja-virtual2\/produto\/bone-musica-ed-limitada-tuff\/","title":{"rendered":"Bon\u00e9 M\u00fasica (ed. limitada Tuff)"},"content":{"rendered":"<p>Bon\u00e9 M\u00fasica (ed. limitada Tuff)<\/p>\n","protected":false},"excerpt":{"rendered":"<p>Bon\u00e9 M\u00fasica (ed. limitada Tuff)<\/p>\n","protected":false},"featured_media":202,"comment_status":"open","ping_status":"closed","template":"","meta":[],"product_brand":[],"product_cat":[23],"product_tag":[],"class_list":{"0":"post-198","1":"product","2":"type-product","3":"status-publish","4":"has-post-thumbnail","6":"product_cat-bones","8":"first","9":"instock","10":"shipping-taxable","11":"purchasable","12":"product-type-simple"},"_links":{"self":[{"href":"https:\/\/www.rodeioitu.com.br\/loja-virtual2\/wp-json\/wp\/v2\/product\/198","targetHints":{"allow":["GET"]}}],"collection":[{"href":"https:\/\/www.rodeioitu.com.br\/loja-virtual2\/wp-json\/wp\/v2\/product"}],"about":[{"href":"https:\/\/www.rodeioitu.com.br\/loja-virtual2\/wp-json\/wp\/v2\/types\/product"}],"replies":[{"embeddable":true,"href":"https:\/\/www.rodeioitu.com.br\/loja-virtual2\/wp-json\/wp\/v2\/comments?post=198"}],"wp:featuredmedia":[{"embeddable":true,"href":"https:\/\/www.rodeioitu.com.br\/loja-virtual2\/wp-json\/wp\/v2\/media\/202"}],"wp:attachment":[{"href":"https:\/\/www.rodeioitu.com.br\/loja-virtual2\/wp-json\/wp\/v2\/media?parent=198"}],"wp:term":[{"taxonomy":"product_brand","embeddable":true,"href":"https:\/\/www.rodeioitu.com.br\/loja-virtual2\/wp-json\/wp\/v2\/product_brand?post=198"},{"taxonomy":"product_cat","embeddable":true,"href":"https:\/\/www.rodeioitu.com.br\/loja-virtual2\/wp-json\/wp\/v2\/product_cat?post=198"},{"taxonomy":"product_tag","embeddable":true,"href":"https:\/\/www.rodeioitu.com.br\/loja-virtual2\/wp-json\/wp\/v2\/product_tag?post=198"}],"curies":[{"name":"wp","href":"https:\/\/api.w.org\/{rel}","templated":true}]}}